{"id":51,"date":"2024-12-02T02:22:52","date_gmt":"2024-12-02T01:22:52","guid":{"rendered":"http:\/\/c97.222.mytemp.website\/?page_id=51"},"modified":"2025-06-08T19:36:58","modified_gmt":"2025-06-08T17:36:58","slug":"quienes-somos","status":"publish","type":"page","link":"https:\/\/www.yourooms.es\/en\/quienes-somos\/","title":{"rendered":"Quienes somos"},"content":{"rendered":"<div data-elementor-type=\"wp-page\" data-elementor-id=\"51\" class=\"elementor elementor-51\" data-elementor-post-type=\"page\">\n\t\t\t\t<div class=\"has_eae_slider elementor-element elementor-element-360fa03 e-flex e-con-boxed e-con e-parent\" data-eae-slider=\"44767\" data-id=\"360fa03\" data-element_type=\"container\" data-e-type=\"container\" data-settings=\"{&quot;background_background&quot;:&quot;classic&quot;}\">\n\t\t\t\t\t<div class=\"e-con-inner\">\n\t\t<div class=\"has_eae_slider elementor-element elementor-element-77ce711 e-con-full elementor-hidden-widescreen elementor-hidden-desktop elementor-hidden-laptop elementor-hidden-tablet elementor-hidden-mobile e-flex e-con e-child\" data-eae-slider=\"40381\" data-id=\"77ce711\" data-element_type=\"container\" data-e-type=\"container\">\n\t\t\t\t<div class=\"elementor-element elementor-element-5321497 elementor-widget elementor-widget-heading\" data-id=\"5321497\" data-element_type=\"widget\" data-e-type=\"widget\" data-widget_type=\"heading.default\">\n\t\t\t\t<div class=\"elementor-widget-container\">\n\t\t\t\t\t<h2 class=\"elementor-heading-title elementor-size-default\">Quienes somos<\/h2>\t\t\t\t<\/div>\n\t\t\t\t<\/div>\n\t\t\t\t<\/div>\n\t\t\t\t\t<\/div>\n\t\t\t\t<\/div>\n\t\t<div class=\"has_eae_slider elementor-element elementor-element-dc117c7 e-flex e-con-boxed e-con e-parent\" data-eae-slider=\"73142\" data-id=\"dc117c7\" data-element_type=\"container\" data-e-type=\"container\" data-settings=\"{&quot;background_background&quot;:&quot;classic&quot;}\">\n\t\t\t\t\t<div class=\"e-con-inner\">\n\t\t<div class=\"has_eae_slider elementor-element elementor-element-32b9578 e-con-full e-flex e-con e-child\" data-eae-slider=\"13331\" data-id=\"32b9578\" data-element_type=\"container\" data-e-type=\"container\">\n\t\t\t\t<div class=\"elementor-element elementor-element-004b4aa elementor-widget elementor-widget-image\" data-id=\"004b4aa\" data-element_type=\"widget\" data-e-type=\"widget\" data-widget_type=\"image.default\">\n\t\t\t\t<div class=\"elementor-widget-container\">\n\t\t\t\t\t\t\t\t\t\t\t\t\t\t\t<img fetchpriority=\"high\" decoding=\"async\" width=\"800\" height=\"112\" src=\"https:\/\/www.yourooms.es\/wp-content\/uploads\/2024\/12\/you-rooms-easy-rent-easy-life-huelva-1.svg\" class=\"attachment-large size-large wp-image-205\" alt=\"\" \/>\t\t\t\t\t\t\t\t\t\t\t\t\t\t\t<\/div>\n\t\t\t\t<\/div>\n\t\t\t\t<div class=\"elementor-element elementor-element-ef6493b elementor-widget elementor-widget-heading\" data-id=\"ef6493b\" data-element_type=\"widget\" data-e-type=\"widget\" data-widget_type=\"heading.default\">\n\t\t\t\t<div class=\"elementor-widget-container\">\n\t\t\t\t\t<h2 class=\"elementor-heading-title elementor-size-default\">Easy Rent, Easy Life.<\/h2>\t\t\t\t<\/div>\n\t\t\t\t<\/div>\n\t\t\t\t<\/div>\n\t\t<div class=\"has_eae_slider elementor-element elementor-element-b63e53e e-con-full e-flex e-con e-child\" data-eae-slider=\"25862\" data-id=\"b63e53e\" data-element_type=\"container\" data-e-type=\"container\">\n\t\t\t\t<div class=\"elementor-element elementor-element-f92df99 elementor-widget elementor-widget-text-editor\" data-id=\"f92df99\" data-element_type=\"widget\" data-e-type=\"widget\" data-widget_type=\"text-editor.default\">\n\t\t\t\t<div class=\"elementor-widget-container\">\n\t\t\t\t\t\t\t\t\t<div class=\"page\" title=\"Page 2\"><div class=\"layoutArea\"><div class=\"column\"><p data-pm-slice=\"1 1 []\">YouRooms is the flagship company of YouGroup, a business holding at the forefront of real estate transformation.<\/p><p>YouRooms is led by a team of young, dynamic entrepreneurs with an innovative vision who have redefined the concept of <span style=\"color: #ffa40d;\">\"renting a room\"<\/span>.<\/p><p>Since 2019, we\u2019ve been working with university students, Erasmus participants, and young professionals \u2014 offering high-quality rooms designed to connect people and create unforgettable experiences.<\/p><\/div><\/div><\/div>\t\t\t\t\t\t\t\t<\/div>\n\t\t\t\t<\/div>\n\t\t\t\t<\/div>\n\t\t\t\t\t<\/div>\n\t\t\t\t<\/div>\n\t\t\t\t<\/div>","protected":false},"excerpt":{"rendered":"<p>Quienes somos Easy Rent, Easy Life. YouRooms es la empresa l\u00edder de YouGroup, un holding empresarial a la vanguardia de la transformaci\u00f3n del sector inmobiliario. YouRooms est\u00e1 formado por un equipo de j\u00f3venes emprendedores, din\u00e1micos y con una visi\u00f3n innovadora que ha reinventado el concepto \u00abalquilar una habitaci\u00f3n\u00bb. Desde 2019, trabajando con universitarios, Erasmus students [&hellip;]<\/p>\n","protected":false},"author":3,"featured_media":0,"parent":0,"menu_order":0,"comment_status":"closed","ping_status":"closed","template":"elementor_header_footer","meta":{"footnotes":""},"class_list":["post-51","page","type-page","status-publish","hentry"],"_links":{"self":[{"href":"https:\/\/www.yourooms.es\/en\/wp-json\/wp\/v2\/pages\/51","targetHints":{"allow":["GET"]}}],"collection":[{"href":"https:\/\/www.yourooms.es\/en\/wp-json\/wp\/v2\/pages"}],"about":[{"href":"https:\/\/www.yourooms.es\/en\/wp-json\/wp\/v2\/types\/page"}],"author":[{"embeddable":true,"href":"https:\/\/www.yourooms.es\/en\/wp-json\/wp\/v2\/users\/3"}],"replies":[{"embeddable":true,"href":"https:\/\/www.yourooms.es\/en\/wp-json\/wp\/v2\/comments?post=51"}],"version-history":[{"count":122,"href":"https:\/\/www.yourooms.es\/en\/wp-json\/wp\/v2\/pages\/51\/revisions"}],"predecessor-version":[{"id":4661,"href":"https:\/\/www.yourooms.es\/en\/wp-json\/wp\/v2\/pages\/51\/revisions\/4661"}],"wp:attachment":[{"href":"https:\/\/www.yourooms.es\/en\/wp-json\/wp\/v2\/media?parent=51"}],"curies":[{"name":"wp","href":"https:\/\/api.w.org\/{rel}","templated":true}]}}