{"id":3045,"date":"2025-03-20T10:15:37","date_gmt":"2025-03-20T09:15:37","guid":{"rendered":"https:\/\/www.yourooms.es\/?page_id=3045"},"modified":"2025-06-18T03:20:17","modified_gmt":"2025-06-18T01:20:17","slug":"politica-de-cookies","status":"publish","type":"page","link":"https:\/\/www.yourooms.es\/en\/politica-de-cookies\/","title":{"rendered":"Cookies Policy"},"content":{"rendered":"<div data-elementor-type=\"wp-page\" data-elementor-id=\"3045\" class=\"elementor elementor-3045\" data-elementor-post-type=\"page\">\n\t\t\t\t<div class=\"has_eae_slider elementor-element elementor-element-e057fa2 e-flex e-con-boxed e-con e-parent\" data-eae-slider=\"71748\" data-id=\"e057fa2\" data-element_type=\"container\" data-e-type=\"container\">\n\t\t\t\t\t<div class=\"e-con-inner\">\n\t\t\t\t<div class=\"elementor-element elementor-element-2d51615 elementor-widget elementor-widget-heading\" data-id=\"2d51615\" data-element_type=\"widget\" data-e-type=\"widget\" data-widget_type=\"heading.default\">\n\t\t\t\t<div class=\"elementor-widget-container\">\n\t\t\t\t\t<h1 class=\"elementor-heading-title elementor-size-default\">Cookies Policy<\/h1>\t\t\t\t<\/div>\n\t\t\t\t<\/div>\n\t\t\t\t<div class=\"elementor-element elementor-element-2f462a2 elementor-widget elementor-widget-heading\" data-id=\"2f462a2\" data-element_type=\"widget\" data-e-type=\"widget\" data-widget_type=\"heading.default\">\n\t\t\t\t<div class=\"elementor-widget-container\">\n\t\t\t\t\t<h2 class=\"elementor-heading-title elementor-size-default\">WHAT ARE COOKIES?<\/h2>\t\t\t\t<\/div>\n\t\t\t\t<\/div>\n\t\t\t\t<div class=\"elementor-element elementor-element-06a8f60 elementor-widget elementor-widget-text-editor\" data-id=\"06a8f60\" data-element_type=\"widget\" data-e-type=\"widget\" data-widget_type=\"text-editor.default\">\n\t\t\t\t<div class=\"elementor-widget-container\">\n\t\t\t\t\t\t\t\t\t<p class=\"p1\">Cookies are small text files that are stored on your device (computer, smartphone, tablet) when you visit our website <span class=\"s1\"><a href=\"http:\/\/c97.222.mytemp.website\" target=\"_blank\" rel=\"noopener\">www.yourooms.es<\/a><\/span>. Estas cookies permiten, entre otras cosas, recordar tus preferencias de navegaci\u00f3n, mejorar tu experiencia de usuario y analizar el uso que haces del sitio web.<\/p>\t\t\t\t\t\t\t\t<\/div>\n\t\t\t\t<\/div>\n\t\t\t\t<div class=\"elementor-element elementor-element-1f80d05 elementor-widget elementor-widget-heading\" data-id=\"1f80d05\" data-element_type=\"widget\" data-e-type=\"widget\" data-widget_type=\"heading.default\">\n\t\t\t\t<div class=\"elementor-widget-container\">\n\t\t\t\t\t<h2 class=\"elementor-heading-title elementor-size-default\">TYPES OF COOKIES WE USE:<\/h2>\t\t\t\t<\/div>\n\t\t\t\t<\/div>\n\t\t\t\t<div class=\"elementor-element elementor-element-fd2fb31 elementor-widget elementor-widget-text-editor\" data-id=\"fd2fb31\" data-element_type=\"widget\" data-e-type=\"widget\" data-widget_type=\"text-editor.default\">\n\t\t\t\t<div class=\"elementor-widget-container\">\n\t\t\t\t\t\t\t\t\t<p class=\"p1\">In YouRooms we use own and third party cookies, classified as follows:<\/p><ul class=\"ul1\"><li class=\"li1\"><b>Technical Cookies (necessary):<\/b> They are essential for the proper functioning of our website. Without these cookies, it would not be possible to browse the site or use some essential services.<\/li><li class=\"li1\"><b>Analytics cookies:<\/b> They allow us to analyze how users use our website to improve their browsing experience. These cookies help us understand which pages are most popular and how users interact with the site.<\/li><li class=\"li1\"><b>Customization cookies:<\/b> These cookies store your preferences to offer you a more personalized experience, remembering information such as your preferred language or previously configured settings.<\/li><li class=\"li1\"><b>Advertising Cookies:<\/b> They are used to show you relevant ads based on your interests and browsing behavior.<\/li><\/ul>\t\t\t\t\t\t\t\t<\/div>\n\t\t\t\t<\/div>\n\t\t\t\t<div class=\"elementor-element elementor-element-d5bab05 elementor-widget elementor-widget-heading\" data-id=\"d5bab05\" data-element_type=\"widget\" data-e-type=\"widget\" data-widget_type=\"heading.default\">\n\t\t\t\t<div class=\"elementor-widget-container\">\n\t\t\t\t\t<h2 class=\"elementor-heading-title elementor-size-default\">HOW CAN YOU CONTROL THE USE OF COOKIES?<\/h2>\t\t\t\t<\/div>\n\t\t\t\t<\/div>\n\t\t\t\t<div class=\"elementor-element elementor-element-2d12a2d elementor-widget elementor-widget-text-editor\" data-id=\"2d12a2d\" data-element_type=\"widget\" data-e-type=\"widget\" data-widget_type=\"text-editor.default\">\n\t\t\t\t<div class=\"elementor-widget-container\">\n\t\t\t\t\t\t\t\t\t<p class=\"p1\">You can accept, reject or configure the use of cookies from your browser. Please note that if you choose to block or reject cookies, some features of the website may be affected or may not function properly.<\/p><p class=\"p1\">To manage or disable cookies, you can use the specific settings of your browser:<\/p><ul class=\"ul1\"><li class=\"li2\"><a href=\"https:\/\/support.google.com\/chrome\/answer\/95647\" target=\"_blank\" rel=\"noopener\"><span class=\"s1\">Google Chrome<\/span><\/a><\/li><li class=\"li2\"><a href=\"https:\/\/support.mozilla.org\/es\/kb\/habilitar-y-deshabilitar-cookies-que-los-sitios-we\" target=\"_blank\" rel=\"noopener\"><span class=\"s1\">Mozilla Firefox<\/span><\/a><\/li><li class=\"li2\"><a href=\"https:\/\/support.microsoft.com\/es-es\/microsoft-edge\/eliminar-cookies-en-microsoft-edge-63947406-40ac-c3b8-57b9-2a946a29ae09\" target=\"_blank\" rel=\"noopener\"><span class=\"s1\">Microsoft Edge<\/span><\/a><\/li><li class=\"li2\"><a href=\"https:\/\/support.apple.com\/es-es\/guide\/safari\/sfri11471\/mac\" target=\"_blank\" rel=\"noopener\"><span class=\"s1\">Safari<\/span><\/a><\/li><\/ul><p class=\"p1\">Please note that if you disable cookies, some content may not function properly or may affect your user experience.<\/p>\t\t\t\t\t\t\t\t<\/div>\n\t\t\t\t<\/div>\n\t\t\t\t<div class=\"elementor-element elementor-element-66d1d68 elementor-widget elementor-widget-heading\" data-id=\"66d1d68\" data-element_type=\"widget\" data-e-type=\"widget\" data-widget_type=\"heading.default\">\n\t\t\t\t<div class=\"elementor-widget-container\">\n\t\t\t\t\t<h2 class=\"elementor-heading-title elementor-size-default\">MODIFICATIONS TO THE COOKIES POLICY<\/h2>\t\t\t\t<\/div>\n\t\t\t\t<\/div>\n\t\t\t\t<div class=\"elementor-element elementor-element-a2baea4 elementor-widget elementor-widget-text-editor\" data-id=\"a2baea4\" data-element_type=\"widget\" data-e-type=\"widget\" data-widget_type=\"text-editor.default\">\n\t\t\t\t<div class=\"elementor-widget-container\">\n\t\t\t\t\t\t\t\t\t<p class=\"p1\">YouRooms reserves the right to modify this Cookie Policy to adapt it to changes in legislation or internal practices. We recommend you review it periodically.<\/p>\t\t\t\t\t\t\t\t<\/div>\n\t\t\t\t<\/div>\n\t\t\t\t<div class=\"elementor-element elementor-element-e7442cd elementor-widget elementor-widget-heading\" data-id=\"e7442cd\" data-element_type=\"widget\" data-e-type=\"widget\" data-widget_type=\"heading.default\">\n\t\t\t\t<div class=\"elementor-widget-container\">\n\t\t\t\t\t<h2 class=\"elementor-heading-title elementor-size-default\">CONTACT<\/h2>\t\t\t\t<\/div>\n\t\t\t\t<\/div>\n\t\t\t\t<div class=\"elementor-element elementor-element-8f59e1b elementor-widget elementor-widget-text-editor\" data-id=\"8f59e1b\" data-element_type=\"widget\" data-e-type=\"widget\" data-widget_type=\"text-editor.default\">\n\t\t\t\t<div class=\"elementor-widget-container\">\n\t\t\t\t\t\t\t\t\t<p class=\"p1\">If you have any questions about this Cookie Policy, you can contact us at hola@yourooms.es<\/p>\t\t\t\t\t\t\t\t<\/div>\n\t\t\t\t<\/div>\n\t\t\t\t<div class=\"elementor-element elementor-element-104f9c8 elementor-widget elementor-widget-text-editor\" data-id=\"104f9c8\" data-element_type=\"widget\" data-e-type=\"widget\" data-widget_type=\"text-editor.default\">\n\t\t\t\t<div class=\"elementor-widget-container\">\n\t\t\t\t\t\t\t\t\t<p class=\"p1\"><b>Last update:<\/b> 7 de Junio de 2025.<\/p>\t\t\t\t\t\t\t\t<\/div>\n\t\t\t\t<\/div>\n\t\t\t\t\t<\/div>\n\t\t\t\t<\/div>\n\t\t\t\t<\/div>","protected":false},"excerpt":{"rendered":"<p>Pol\u00edtica de Cookies \u00bfQU\u00c9 SON LAS COOKIES? Las cookies son peque\u00f1os archivos de texto que se almacenan en tu dispositivo (ordenador, smartphone, tablet) cuando visitas nuestra p\u00e1gina web www.yourooms.es. Estas cookies permiten, entre otras cosas, recordar tus preferencias de navegaci\u00f3n, mejorar tu experiencia de usuario y analizar el uso que haces del sitio web. TIPOS [&hellip;]<\/p>\n","protected":false},"author":3,"featured_media":0,"parent":0,"menu_order":0,"comment_status":"closed","ping_status":"closed","template":"elementor_header_footer","meta":{"footnotes":""},"class_list":["post-3045","page","type-page","status-publish","hentry"],"_links":{"self":[{"href":"https:\/\/www.yourooms.es\/en\/wp-json\/wp\/v2\/pages\/3045","targetHints":{"allow":["GET"]}}],"collection":[{"href":"https:\/\/www.yourooms.es\/en\/wp-json\/wp\/v2\/pages"}],"about":[{"href":"https:\/\/www.yourooms.es\/en\/wp-json\/wp\/v2\/types\/page"}],"author":[{"embeddable":true,"href":"https:\/\/www.yourooms.es\/en\/wp-json\/wp\/v2\/users\/3"}],"replies":[{"embeddable":true,"href":"https:\/\/www.yourooms.es\/en\/wp-json\/wp\/v2\/comments?post=3045"}],"version-history":[{"count":11,"href":"https:\/\/www.yourooms.es\/en\/wp-json\/wp\/v2\/pages\/3045\/revisions"}],"predecessor-version":[{"id":5404,"href":"https:\/\/www.yourooms.es\/en\/wp-json\/wp\/v2\/pages\/3045\/revisions\/5404"}],"wp:attachment":[{"href":"https:\/\/www.yourooms.es\/en\/wp-json\/wp\/v2\/media?parent=3045"}],"curies":[{"name":"wp","href":"https:\/\/api.w.org\/{rel}","templated":true}]}}